{"id":28,"date":"2020-07-30T23:43:54","date_gmt":"2020-07-30T23:43:54","guid":{"rendered":"http:\/\/adamsky.se\/fi\/?post_type=product&#038;p=28"},"modified":"2020-07-31T19:09:35","modified_gmt":"2020-07-31T19:09:35","slug":"casoola-casino","status":"publish","type":"product","link":"https:\/\/adamsky.se\/fi\/produkt\/casoola-casino\/","title":{"rendered":"Casoola Casino"},"content":{"rendered":"","protected":false},"excerpt":{"rendered":"<ul>\n<li style=\"text-align: left;\">Maksa ja pelaa kasinoa<\/li>\n<li style=\"text-align: left;\">100 ilmaiskierrosta<\/li>\n<li style=\"text-align: left;\">Fantastinen muotoilu<\/li>\n<\/ul>\n<p style=\"text-align: center;\"><a href=\"https:\/\/casoola.tracking-genesisaffiliates.com\/redirect.aspx?pid=142613&#038;bid=7929\" target=\"_self\" class=\"button success is-success is-medium\"  >\n    <span>AAVA K\u00c4YTT\u00c4J\u00c4<\/span>\n  <\/a>\n\n","protected":false},"featured_media":30,"comment_status":"open","ping_status":"closed","template":"","meta":[],"product_cat":[15],"product_tag":[],"_links":{"self":[{"href":"https:\/\/adamsky.se\/fi\/wp-json\/wp\/v2\/product\/28"}],"collection":[{"href":"https:\/\/adamsky.se\/fi\/wp-json\/wp\/v2\/product"}],"about":[{"href":"https:\/\/adamsky.se\/fi\/wp-json\/wp\/v2\/types\/product"}],"replies":[{"embeddable":true,"href":"https:\/\/adamsky.se\/fi\/wp-json\/wp\/v2\/comments?post=28"}],"wp:featuredmedia":[{"embeddable":true,"href":"https:\/\/adamsky.se\/fi\/wp-json\/wp\/v2\/media\/30"}],"wp:attachment":[{"href":"https:\/\/adamsky.se\/fi\/wp-json\/wp\/v2\/media?parent=28"}],"wp:term":[{"taxonomy":"product_cat","embeddable":true,"href":"https:\/\/adamsky.se\/fi\/wp-json\/wp\/v2\/product_cat?post=28"},{"taxonomy":"product_tag","embeddable":true,"href":"https:\/\/adamsky.se\/fi\/wp-json\/wp\/v2\/product_tag?post=28"}],"curies":[{"name":"wp","href":"https:\/\/api.w.org\/{rel}","templated":true}]}}