{"id":29,"date":"2020-07-30T23:44:22","date_gmt":"2020-07-30T23:44:22","guid":{"rendered":"http:\/\/adamsky.se\/fi\/?post_type=product&#038;p=29"},"modified":"2020-08-07T15:59:50","modified_gmt":"2020-08-07T15:59:50","slug":"boost-casino","status":"publish","type":"product","link":"https:\/\/adamsky.se\/fi\/produkt\/boost-casino\/","title":{"rendered":"Boost Casino"},"content":{"rendered":"","protected":false},"excerpt":{"rendered":"<ul>\n<li style=\"text-align: left;\">Maksa ja pelaa kasinoa<\/li>\n<li style=\"text-align: left;\">Supernopeat kotiutukset<\/li>\n<li style=\"text-align: left;\">100% \/ 1000\u20ac + 100 ilmaiskierrosta<\/li>\n<\/ul>\n<p style=\"text-align: center;\"><a href=\"https:\/\/record.affiliates.globalgaming.com\/_habWC5ZP-sfulQmTAVK722Nd7ZgqdRLk\/1\" target=\"_self\" class=\"button success is-success is-medium\"  >\n    <span>AVAA K\u00c4YTT\u00c4J\u00c4<\/span>\n  <\/a>\n\n","protected":false},"featured_media":59,"comment_status":"open","ping_status":"closed","template":"","meta":[],"product_cat":[15],"product_tag":[],"_links":{"self":[{"href":"https:\/\/adamsky.se\/fi\/wp-json\/wp\/v2\/product\/29"}],"collection":[{"href":"https:\/\/adamsky.se\/fi\/wp-json\/wp\/v2\/product"}],"about":[{"href":"https:\/\/adamsky.se\/fi\/wp-json\/wp\/v2\/types\/product"}],"replies":[{"embeddable":true,"href":"https:\/\/adamsky.se\/fi\/wp-json\/wp\/v2\/comments?post=29"}],"wp:featuredmedia":[{"embeddable":true,"href":"https:\/\/adamsky.se\/fi\/wp-json\/wp\/v2\/media\/59"}],"wp:attachment":[{"href":"https:\/\/adamsky.se\/fi\/wp-json\/wp\/v2\/media?parent=29"}],"wp:term":[{"taxonomy":"product_cat","embeddable":true,"href":"https:\/\/adamsky.se\/fi\/wp-json\/wp\/v2\/product_cat?post=29"},{"taxonomy":"product_tag","embeddable":true,"href":"https:\/\/adamsky.se\/fi\/wp-json\/wp\/v2\/product_tag?post=29"}],"curies":[{"name":"wp","href":"https:\/\/api.w.org\/{rel}","templated":true}]}}