{"id":35,"date":"2020-07-31T03:37:57","date_gmt":"2020-07-31T03:37:57","guid":{"rendered":"http:\/\/adamsky.se\/fi\/?post_type=product&#038;p=35"},"modified":"2020-08-13T01:39:29","modified_gmt":"2020-08-13T01:39:29","slug":"pelataan-casino","status":"publish","type":"product","link":"https:\/\/adamsky.se\/fi\/produkt\/pelataan-casino\/","title":{"rendered":"Pelataan Casino"},"content":{"rendered":"","protected":false},"excerpt":{"rendered":"<ul>\n<li style=\"text-align: left;\">V\u00e4lit\u00f6n nosto<\/li>\n<li style=\"text-align: left;\">Maksa ja pelaa kasinoa<\/li>\n<li style=\"text-align: left;\">Mobiili yst\u00e4v\u00e4llinen<\/li>\n<\/ul>\n<p style=\"text-align: center;\"><a href=\"http:\/\/wlivyaffiliates.adsrv.eacdn.com\/C.ashx?btag=a_17046b_475c_&#038;affid=3583&#038;siteid=17046&#038;adid=475&#038;c=\" target=\"_self\" class=\"button success is-success is-medium\"  >\n    <span>AAVA K\u00c4YTT\u00c4J\u00c4<\/span>\n  <\/a>\n\n","protected":false},"featured_media":64,"comment_status":"open","ping_status":"closed","template":"","meta":[],"product_cat":[15],"product_tag":[],"_links":{"self":[{"href":"https:\/\/adamsky.se\/fi\/wp-json\/wp\/v2\/product\/35"}],"collection":[{"href":"https:\/\/adamsky.se\/fi\/wp-json\/wp\/v2\/product"}],"about":[{"href":"https:\/\/adamsky.se\/fi\/wp-json\/wp\/v2\/types\/product"}],"replies":[{"embeddable":true,"href":"https:\/\/adamsky.se\/fi\/wp-json\/wp\/v2\/comments?post=35"}],"wp:featuredmedia":[{"embeddable":true,"href":"https:\/\/adamsky.se\/fi\/wp-json\/wp\/v2\/media\/64"}],"wp:attachment":[{"href":"https:\/\/adamsky.se\/fi\/wp-json\/wp\/v2\/media?parent=35"}],"wp:term":[{"taxonomy":"product_cat","embeddable":true,"href":"https:\/\/adamsky.se\/fi\/wp-json\/wp\/v2\/product_cat?post=35"},{"taxonomy":"product_tag","embeddable":true,"href":"https:\/\/adamsky.se\/fi\/wp-json\/wp\/v2\/product_tag?post=35"}],"curies":[{"name":"wp","href":"https:\/\/api.w.org\/{rel}","templated":true}]}}