{"id":78,"date":"2020-08-28T00:26:53","date_gmt":"2020-08-28T00:26:53","guid":{"rendered":"https:\/\/adamsky.se\/fi\/?post_type=product&#038;p=78"},"modified":"2020-08-28T00:30:47","modified_gmt":"2020-08-28T00:30:47","slug":"casino-planet","status":"publish","type":"product","link":"https:\/\/adamsky.se\/fi\/produkt\/casino-planet\/","title":{"rendered":"Casino Planet"},"content":{"rendered":"","protected":false},"excerpt":{"rendered":"<ul>\n<li style=\"text-align: left;\">Maksa ja pelaa kasinoa<\/li>\n<li style=\"text-align: left;\">150 ilmaiskierrosta<\/li>\n<li style=\"text-align: left;\">Live Casino ja Jackpots<\/li>\n<\/ul>\n<p style=\"text-align: center;\"><a href=\"https:\/\/casinoplanet.tracking-genesisaffiliates.com\/redirect.aspx?pid=142613&#038;bid=8329\" target=\"_self\" class=\"button success is-success is-medium\"  >\n    <span>AAVA K\u00c4YTT\u00c4J\u00c4<\/span>\n  <\/a>\n\n","protected":false},"featured_media":79,"comment_status":"open","ping_status":"closed","template":"","meta":[],"product_cat":[15],"product_tag":[],"_links":{"self":[{"href":"https:\/\/adamsky.se\/fi\/wp-json\/wp\/v2\/product\/78"}],"collection":[{"href":"https:\/\/adamsky.se\/fi\/wp-json\/wp\/v2\/product"}],"about":[{"href":"https:\/\/adamsky.se\/fi\/wp-json\/wp\/v2\/types\/product"}],"replies":[{"embeddable":true,"href":"https:\/\/adamsky.se\/fi\/wp-json\/wp\/v2\/comments?post=78"}],"wp:featuredmedia":[{"embeddable":true,"href":"https:\/\/adamsky.se\/fi\/wp-json\/wp\/v2\/media\/79"}],"wp:attachment":[{"href":"https:\/\/adamsky.se\/fi\/wp-json\/wp\/v2\/media?parent=78"}],"wp:term":[{"taxonomy":"product_cat","embeddable":true,"href":"https:\/\/adamsky.se\/fi\/wp-json\/wp\/v2\/product_cat?post=78"},{"taxonomy":"product_tag","embeddable":true,"href":"https:\/\/adamsky.se\/fi\/wp-json\/wp\/v2\/product_tag?post=78"}],"curies":[{"name":"wp","href":"https:\/\/api.w.org\/{rel}","templated":true}]}}