{"id":82,"date":"2020-08-28T16:53:29","date_gmt":"2020-08-28T16:53:29","guid":{"rendered":"https:\/\/adamsky.se\/fi\/?post_type=product&#038;p=82"},"modified":"2020-09-30T12:13:25","modified_gmt":"2020-09-30T12:13:25","slug":"klirr-casino","status":"publish","type":"product","link":"https:\/\/adamsky.se\/fi\/produkt\/klirr-casino\/","title":{"rendered":"Klirr Casino"},"content":{"rendered":"","protected":false},"excerpt":{"rendered":"<ul>\n<li style=\"text-align: left;\">Maksa ja pelaa kasinoa<\/li>\n<li style=\"text-align: left;\">Supernopeat kotiutukset<\/li>\n<li style=\"text-align: left;\">Suuri tervetuliaisbonus<\/li>\n<\/ul>\n<p style=\"text-align: center;\"><a href=\"https:\/\/record.epic.partners\/_habWC5ZP-seYNevImT-MDGNd7ZgqdRLk\/1\/\" target=\"_self\" class=\"button success is-success is-medium\"  >\n    <span>AVAA K\u00c4YTT\u00c4J\u00c4<\/span>\n  <\/a>\n\n","protected":false},"featured_media":86,"comment_status":"open","ping_status":"closed","template":"","meta":[],"product_cat":[15],"product_tag":[],"_links":{"self":[{"href":"https:\/\/adamsky.se\/fi\/wp-json\/wp\/v2\/product\/82"}],"collection":[{"href":"https:\/\/adamsky.se\/fi\/wp-json\/wp\/v2\/product"}],"about":[{"href":"https:\/\/adamsky.se\/fi\/wp-json\/wp\/v2\/types\/product"}],"replies":[{"embeddable":true,"href":"https:\/\/adamsky.se\/fi\/wp-json\/wp\/v2\/comments?post=82"}],"wp:featuredmedia":[{"embeddable":true,"href":"https:\/\/adamsky.se\/fi\/wp-json\/wp\/v2\/media\/86"}],"wp:attachment":[{"href":"https:\/\/adamsky.se\/fi\/wp-json\/wp\/v2\/media?parent=82"}],"wp:term":[{"taxonomy":"product_cat","embeddable":true,"href":"https:\/\/adamsky.se\/fi\/wp-json\/wp\/v2\/product_cat?post=82"},{"taxonomy":"product_tag","embeddable":true,"href":"https:\/\/adamsky.se\/fi\/wp-json\/wp\/v2\/product_tag?post=82"}],"curies":[{"name":"wp","href":"https:\/\/api.w.org\/{rel}","templated":true}]}}