{"id":94,"date":"2021-08-06T12:20:20","date_gmt":"2021-08-06T12:20:20","guid":{"rendered":"https:\/\/adamsky.se\/fi\/?post_type=product&#038;p=94"},"modified":"2021-08-06T12:21:52","modified_gmt":"2021-08-06T12:21:52","slug":"vegasoo-casino","status":"publish","type":"product","link":"https:\/\/adamsky.se\/fi\/produkt\/vegasoo-casino\/","title":{"rendered":"Vegasoo Casino"},"content":{"rendered":"","protected":false},"excerpt":{"rendered":"<ul>\n<li style=\"text-align: left;\">Maksa ja pelaa kasinoa<\/li>\n<li style=\"text-align: left;\">50 ilmaiskierrosta<\/li>\n<li style=\"text-align: left;\">Fantastinen muotoilu<\/li>\n<\/ul>\n<p style=\"text-align: center;\"><a href=\"https:\/\/vegasoo.tracking-genesisaffiliates.com\/redirect.aspx?pid=142613&#038;bid=9281\" target=\"_self\" class=\"button success is-success is-medium\"  >\n    <span>AAVA K\u00c4YTT\u00c4J\u00c4<\/span>\n  <\/a>\n\n","protected":false},"featured_media":95,"comment_status":"open","ping_status":"closed","template":"","meta":[],"product_cat":[15],"product_tag":[],"_links":{"self":[{"href":"https:\/\/adamsky.se\/fi\/wp-json\/wp\/v2\/product\/94"}],"collection":[{"href":"https:\/\/adamsky.se\/fi\/wp-json\/wp\/v2\/product"}],"about":[{"href":"https:\/\/adamsky.se\/fi\/wp-json\/wp\/v2\/types\/product"}],"replies":[{"embeddable":true,"href":"https:\/\/adamsky.se\/fi\/wp-json\/wp\/v2\/comments?post=94"}],"wp:featuredmedia":[{"embeddable":true,"href":"https:\/\/adamsky.se\/fi\/wp-json\/wp\/v2\/media\/95"}],"wp:attachment":[{"href":"https:\/\/adamsky.se\/fi\/wp-json\/wp\/v2\/media?parent=94"}],"wp:term":[{"taxonomy":"product_cat","embeddable":true,"href":"https:\/\/adamsky.se\/fi\/wp-json\/wp\/v2\/product_cat?post=94"},{"taxonomy":"product_tag","embeddable":true,"href":"https:\/\/adamsky.se\/fi\/wp-json\/wp\/v2\/product_tag?post=94"}],"curies":[{"name":"wp","href":"https:\/\/api.w.org\/{rel}","templated":true}]}}